{"id":1184,"date":"2023-11-29T14:15:10","date_gmt":"2023-11-29T14:15:10","guid":{"rendered":"https:\/\/www.empresafacil.ma.gov.br\/home\/?page_id=1184"},"modified":"2026-02-12T19:36:27","modified_gmt":"2026-02-12T19:36:27","slug":"inscricao-de-substituto-tributario-no-estado","status":"publish","type":"page","link":"https:\/\/deve-oito.empresafacil.ma.gov.br\/home\/inscricao-de-substituto-tributario-no-estado\/","title":{"rendered":"Inscri\u00e7\u00e3o de Substituto Tribut\u00e1rio no Estado"},"content":{"rendered":"","protected":false},"excerpt":{"rendered":"","protected":false},"author":1,"featured_media":0,"parent":0,"menu_order":0,"comment_status":"closed","ping_status":"closed","template":"template-parts\/page-junta-comercial.php","meta":{"footnotes":""},"class_list":["post-1184","page","type-page","status-publish","hentry"],"acf":{"servicos":[{"titulo":"Quero solicitar inscri\u00e7\u00e3o para minha Matriz","conteudo":"","btn":"https:\/\/%s.empresafacil.ma.gov.br\/s\/consultaprevia\/prepare-primeiro-passo\/","parametros":"{'tipo_empresa':'m','tipo_evento':'sefaz','domain':'https:\/\/%s.empresafacil.ma.gov.br','evento[]':'602','isProd':'1'}","method":"POST","mensagem_modal":"","acesso":["visivel_todos"]},{"titulo":"Quero solicitar inscri\u00e7\u00e3o para minha Filial","conteudo":"","btn":"https:\/\/%s.empresafacil.ma.gov.br\/s\/consultaprevia\/prepare-primeiro-passo\/","parametros":"{'tipo_empresa':'f','tipo_evento':'sefaz','domain':'https:\/\/%s.empresafacil.ma.gov.br','evento[]':'602','isProd':'1'}","method":"POST","mensagem_modal":"","acesso":["visivel_todos"]}]},"_links":{"self":[{"href":"https:\/\/deve-oito.empresafacil.ma.gov.br\/home\/wp-json\/wp\/v2\/pages\/1184","targetHints":{"allow":["GET"]}}],"collection":[{"href":"https:\/\/deve-oito.empresafacil.ma.gov.br\/home\/wp-json\/wp\/v2\/pages"}],"about":[{"href":"https:\/\/deve-oito.empresafacil.ma.gov.br\/home\/wp-json\/wp\/v2\/types\/page"}],"author":[{"embeddable":true,"href":"https:\/\/deve-oito.empresafacil.ma.gov.br\/home\/wp-json\/wp\/v2\/users\/1"}],"replies":[{"embeddable":true,"href":"https:\/\/deve-oito.empresafacil.ma.gov.br\/home\/wp-json\/wp\/v2\/comments?post=1184"}],"version-history":[{"count":4,"href":"https:\/\/deve-oito.empresafacil.ma.gov.br\/home\/wp-json\/wp\/v2\/pages\/1184\/revisions"}],"predecessor-version":[{"id":2636,"href":"https:\/\/deve-oito.empresafacil.ma.gov.br\/home\/wp-json\/wp\/v2\/pages\/1184\/revisions\/2636"}],"wp:attachment":[{"href":"https:\/\/deve-oito.empresafacil.ma.gov.br\/home\/wp-json\/wp\/v2\/media?parent=1184"}],"curies":[{"name":"wp","href":"https:\/\/api.w.org\/{rel}","templated":true}]}}