{"id":180,"date":"2023-05-23T12:50:12","date_gmt":"2023-05-23T12:50:12","guid":{"rendered":"http:\/\/www.empresafacil.ma.gov.br\/?page_id=180"},"modified":"2026-04-02T14:19:40","modified_gmt":"2026-04-02T14:19:40","slug":"bombeiros","status":"publish","type":"page","link":"https:\/\/deve-oito.empresafacil.ma.gov.br\/home\/bombeiros\/","title":{"rendered":"Bombeiros"},"content":{"rendered":"","protected":false},"excerpt":{"rendered":"","protected":false},"author":1,"featured_media":0,"parent":0,"menu_order":0,"comment_status":"closed","ping_status":"closed","template":"template-parts\/page-junta-comercial.php","meta":{"footnotes":""},"class_list":["post-180","page","type-page","status-publish","hentry"],"acf":{"servicos":[{"titulo":"Per\u00edcia de inc\u00eandio","conteudo":"","btn":"pericia-de-incendio","parametros":"","method":"POST","mensagem_modal":"","acesso":["visivel_todos"]},{"titulo":"Autoriza\u00e7\u00e3o de eventos tempor\u00e1rios","conteudo":"","btn":"autorizacao-de-eventos-temporarios","parametros":"","method":"POST","mensagem_modal":"","acesso":["visivel_todos"]},{"titulo":" Certificado de Aprova\u00e7\u00e3o","conteudo":"","btn":"https:\/\/%s.empresafacil.ma.gov.br\/s\/obtencao\/estadual","parametros":"{'perfil':'104301','tipoDoc':'13'}","method":"POST","mensagem_modal":"","acesso":["visivel_todos"]},{"titulo":" Certificado de Aprova\u00e7\u00e3o de Projeto ","conteudo":"","btn":"https:\/\/%s.empresafacil.ma.gov.br\/s\/obtencao\/estadual","parametros":"{'perfil':'104301','tipoDoc':'3'}","method":"POST","mensagem_modal":"","acesso":["visivel_todos"]},{"titulo":"Credenciamento de Pessoa F\u00edsica","conteudo":"","btn":"credenciamento-pessoa-fisica","parametros":"","method":"POST","mensagem_modal":"","acesso":["visivel_todos"]},{"titulo":"Credenciamento de Pessoa Jur\u00eddica","conteudo":"","btn":"credenciamento-pessoa-juridica","parametros":"","method":"POST","mensagem_modal":"","acesso":["visivel_todos"]},{"titulo":"Dispensa de Licenciamento","conteudo":"","btn":"https:\/\/%s.empresafacil.ma.gov.br\/s\/obtencao\/estadual","parametros":"{'perfil':'104301','tipoDoc':'22'}","method":"POST","mensagem_modal":"","acesso":["visivel_todos"]},{"titulo":" Certificado de Aprova\u00e7\u00e3o Simplificado ","conteudo":"","btn":"https:\/\/%s.empresafacil.ma.gov.br\/s\/obtencao\/estadual","parametros":"{'perfil':'104301','tipoDoc':'15'}","method":"POST","mensagem_modal":"","acesso":["visivel_todos"]},{"titulo":" Den\u00fancia ","conteudo":"","btn":"denuncia-e-fiscalizacao","parametros":"","method":"POST","mensagem_modal":"","acesso":["visivel_todos"]},{"titulo":"Renova\u00e7\u00e3o","conteudo":"","btn":"renovacao","parametros":"","method":"POST","mensagem_modal":"","acesso":["visivel_todos"]}]},"_links":{"self":[{"href":"https:\/\/deve-oito.empresafacil.ma.gov.br\/home\/wp-json\/wp\/v2\/pages\/180","targetHints":{"allow":["GET"]}}],"collection":[{"href":"https:\/\/deve-oito.empresafacil.ma.gov.br\/home\/wp-json\/wp\/v2\/pages"}],"about":[{"href":"https:\/\/deve-oito.empresafacil.ma.gov.br\/home\/wp-json\/wp\/v2\/types\/page"}],"author":[{"embeddable":true,"href":"https:\/\/deve-oito.empresafacil.ma.gov.br\/home\/wp-json\/wp\/v2\/users\/1"}],"replies":[{"embeddable":true,"href":"https:\/\/deve-oito.empresafacil.ma.gov.br\/home\/wp-json\/wp\/v2\/comments?post=180"}],"version-history":[{"count":6,"href":"https:\/\/deve-oito.empresafacil.ma.gov.br\/home\/wp-json\/wp\/v2\/pages\/180\/revisions"}],"predecessor-version":[{"id":2790,"href":"https:\/\/deve-oito.empresafacil.ma.gov.br\/home\/wp-json\/wp\/v2\/pages\/180\/revisions\/2790"}],"wp:attachment":[{"href":"https:\/\/deve-oito.empresafacil.ma.gov.br\/home\/wp-json\/wp\/v2\/media?parent=180"}],"curies":[{"name":"wp","href":"https:\/\/api.w.org\/{rel}","templated":true}]}}