{"id":2017,"date":"2025-08-25T20:53:05","date_gmt":"2025-08-25T20:53:05","guid":{"rendered":"https:\/\/deve-nove.empresafacil.ma.gov.br\/home\/?page_id=2017"},"modified":"2025-08-28T14:26:10","modified_gmt":"2025-08-28T14:26:10","slug":"regularizacao-de-licenca-sanitaria","status":"publish","type":"page","link":"https:\/\/deve-oito.empresafacil.ma.gov.br\/home\/regularizacao-de-licenca-sanitaria\/","title":{"rendered":"Regulariza\u00e7\u00e3o de Licen\u00e7a Sanit\u00e1ria"},"content":{"rendered":"","protected":false},"excerpt":{"rendered":"","protected":false},"author":1,"featured_media":0,"parent":0,"menu_order":0,"comment_status":"closed","ping_status":"closed","template":"template-parts\/page-junta-comercial.php","meta":{"footnotes":""},"class_list":["post-2017","page","type-page","status-publish","hentry"],"acf":{"servicos":[{"titulo":"Quero Solicitar Regulariza\u00e7\u00e3o Para Minha Matriz","conteudo":"","btn":"https:\/\/%s.empresafacil.ma.gov.br\/s\/regularizacao\/estadual\/m","parametros":"{'perfil':'104302'}","method":"POST","mensagem_modal":"","acesso":["visivel_todos"]},{"titulo":"Quero Solicitar Regulariza\u00e7\u00e3o Para Minha Filial","conteudo":"","btn":"https:\/\/%s.empresafacil.ma.gov.br\/s\/regularizacao\/estadual\/f","parametros":"{'perfil':'104302'}","method":"POST","mensagem_modal":"","acesso":["visivel_todos"]}]},"_links":{"self":[{"href":"https:\/\/deve-oito.empresafacil.ma.gov.br\/home\/wp-json\/wp\/v2\/pages\/2017","targetHints":{"allow":["GET"]}}],"collection":[{"href":"https:\/\/deve-oito.empresafacil.ma.gov.br\/home\/wp-json\/wp\/v2\/pages"}],"about":[{"href":"https:\/\/deve-oito.empresafacil.ma.gov.br\/home\/wp-json\/wp\/v2\/types\/page"}],"author":[{"embeddable":true,"href":"https:\/\/deve-oito.empresafacil.ma.gov.br\/home\/wp-json\/wp\/v2\/users\/1"}],"replies":[{"embeddable":true,"href":"https:\/\/deve-oito.empresafacil.ma.gov.br\/home\/wp-json\/wp\/v2\/comments?post=2017"}],"version-history":[{"count":5,"href":"https:\/\/deve-oito.empresafacil.ma.gov.br\/home\/wp-json\/wp\/v2\/pages\/2017\/revisions"}],"predecessor-version":[{"id":2054,"href":"https:\/\/deve-oito.empresafacil.ma.gov.br\/home\/wp-json\/wp\/v2\/pages\/2017\/revisions\/2054"}],"wp:attachment":[{"href":"https:\/\/deve-oito.empresafacil.ma.gov.br\/home\/wp-json\/wp\/v2\/media?parent=2017"}],"curies":[{"name":"wp","href":"https:\/\/api.w.org\/{rel}","templated":true}]}}