{"id":2424,"date":"2025-12-02T13:53:29","date_gmt":"2025-12-02T13:53:29","guid":{"rendered":"https:\/\/deve-oito.empresafacil.ma.gov.br\/home\/?page_id=2424"},"modified":"2026-04-07T15:17:43","modified_gmt":"2026-04-07T15:17:43","slug":"servicos-de-inspecao-de-produtos-de-origem-animal","status":"publish","type":"page","link":"https:\/\/deve-oito.empresafacil.ma.gov.br\/home\/servicos-de-inspecao-de-produtos-de-origem-animal\/","title":{"rendered":"Servi\u00e7os de Inspe\u00e7\u00e3o de Produtos de Origem Animal"},"content":{"rendered":"","protected":false},"excerpt":{"rendered":"","protected":false},"author":1,"featured_media":0,"parent":0,"menu_order":0,"comment_status":"closed","ping_status":"closed","template":"template-parts\/page-junta-comercial.php","meta":{"footnotes":""},"class_list":["post-2424","page","type-page","status-publish","hentry"],"acf":{"servicos":[{"titulo":"Solicitar inspe\u00e7\u00e3o pr\u00e9via de terreno ou estabelecimento para produtor rural","conteudo":"","btn":"https:\/\/%s.empresafacil.ma.gov.br\/workflow-service\/prepare\/primeiro-passo","parametros":"{'orgao':33678,'tipo_solicitacao':11,'evento':'1800','is_fluxo_legado':false,'perfil_entidade':'104314'}","method":"POST_JSON","mensagem_modal":"","acesso":["visivel_todos"]},{"titulo":"Solicitar inspe\u00e7\u00e3o pr\u00e9via de terreno ou estabelecimento para empresa","conteudo":"","btn":"https:\/\/%s.empresafacil.ma.gov.br\/workflow-service\/prepare\/primeiro-passo","parametros":"{'orgao':33678,'tipo_solicitacao':17,'evento':'1800','is_fluxo_legado':false,'perfil_entidade':'104314'}","method":"POST_JSON","mensagem_modal":"","acesso":["visivel_todos"]},{"titulo":"Solicitar an\u00e1lise de projeto para constru\u00e7\u00e3o e\/ou reforma para produtor rural","conteudo":"","btn":"https:\/\/%s.empresafacil.ma.gov.br\/workflow-service\/prepare\/primeiro-passo","parametros":"{'orgao':33678,'tipo_solicitacao':11,'evento':'1801','is_fluxo_legado':true,'perfil_entidade':'104314'}","method":"POST_JSON","mensagem_modal":"","acesso":["visivel_todos"]},{"titulo":"Solicitar an\u00e1lise de projeto para constru\u00e7\u00e3o e\/ou reforma para empresa","conteudo":"","btn":"https:\/\/%s.empresafacil.ma.gov.br\/workflow-service\/prepare\/primeiro-passo","parametros":"{'orgao':33678,'tipo_solicitacao':17,'evento':'1801','is_fluxo_legado':true,'perfil_entidade':'104314'}","method":"POST_JSON","mensagem_modal":"","acesso":["visivel_todos"]},{"titulo":"Solicitar certificado de registro de estabelecimento de produtos de origem animal","conteudo":"","btn":"https:\/\/%s.empresafacil.ma.gov.br\/workflow-service\/prepare\/primeiro-passo","parametros":"{'orgao':33678,'tipo_solicitacao':17,'evento':'1802','is_fluxo_legado':true,'perfil_entidade':'104314'}","method":"POST_JSON","mensagem_modal":"","acesso":["visivel_todos"]},{"titulo":"Renovar certificado de registro de estabelecimento comercializador de produtos de origem animal para empresa","conteudo":"","btn":"https:\/\/%s.empresafacil.ma.gov.br\/workflow-service\/prepare\/primeiro-passo","parametros":"{\r\n'orgao':33678,\r\n'tipo_solicitacao':17,\r\n'evento':'1806',\r\n'is_fluxo_legado': true\r\n,'perfil_entidade':104314}","method":"POST_JSON","mensagem_modal":"","acesso":["indisponivel_todos"]},{"titulo":"Cadastro de novos produtos para empresa","conteudo":"","btn":"https:\/\/%s.empresafacil.ma.gov.br\/workflow-service\/prepare\/primeiro-passo","parametros":"{'orgao':33678,'tipo_solicitacao':17,'evento':'1803','is_fluxo_legado':false,'perfil_entidade':'104314'}","method":"POST_JSON","mensagem_modal":"","acesso":["visivel_todos"]},{"titulo":"Altera\u00e7\u00e3o de R\u00f3tulo de Produto","conteudo":"","btn":"https:\/\/%s.empresafacil.ma.gov.br\/workflow-service\/prepare\/primeiro-passo","parametros":"{'orgao':'33678','tipo_solicitacao':'17','evento':'1804','is_fluxo_legado':false,'perfil_entidade':'104314'}","method":"POST_JSON","mensagem_modal":"","acesso":["visivel_todos"]}]},"_links":{"self":[{"href":"https:\/\/deve-oito.empresafacil.ma.gov.br\/home\/wp-json\/wp\/v2\/pages\/2424","targetHints":{"allow":["GET"]}}],"collection":[{"href":"https:\/\/deve-oito.empresafacil.ma.gov.br\/home\/wp-json\/wp\/v2\/pages"}],"about":[{"href":"https:\/\/deve-oito.empresafacil.ma.gov.br\/home\/wp-json\/wp\/v2\/types\/page"}],"author":[{"embeddable":true,"href":"https:\/\/deve-oito.empresafacil.ma.gov.br\/home\/wp-json\/wp\/v2\/users\/1"}],"replies":[{"embeddable":true,"href":"https:\/\/deve-oito.empresafacil.ma.gov.br\/home\/wp-json\/wp\/v2\/comments?post=2424"}],"version-history":[{"count":5,"href":"https:\/\/deve-oito.empresafacil.ma.gov.br\/home\/wp-json\/wp\/v2\/pages\/2424\/revisions"}],"predecessor-version":[{"id":2811,"href":"https:\/\/deve-oito.empresafacil.ma.gov.br\/home\/wp-json\/wp\/v2\/pages\/2424\/revisions\/2811"}],"wp:attachment":[{"href":"https:\/\/deve-oito.empresafacil.ma.gov.br\/home\/wp-json\/wp\/v2\/media?parent=2424"}],"curies":[{"name":"wp","href":"https:\/\/api.w.org\/{rel}","templated":true}]}}