{"id":2453,"date":"2025-12-10T19:34:06","date_gmt":"2025-12-10T19:34:06","guid":{"rendered":"https:\/\/deve-oito.empresafacil.ma.gov.br\/home\/?page_id=2453"},"modified":"2025-12-11T20:02:46","modified_gmt":"2025-12-11T20:02:46","slug":"atendimento-a-orgaos-publicos","status":"publish","type":"page","link":"https:\/\/deve-oito.empresafacil.ma.gov.br\/home\/atendimento-a-orgaos-publicos\/","title":{"rendered":"Atendimento a \u00d3rg\u00e3os P\u00fablicos"},"content":{"rendered":"","protected":false},"excerpt":{"rendered":"","protected":false},"author":1,"featured_media":0,"parent":0,"menu_order":0,"comment_status":"closed","ping_status":"closed","template":"template-parts\/page-junta-comercial.php","meta":{"footnotes":""},"class_list":["post-2453","page","type-page","status-publish","hentry"],"acf":{"servicos":[{"titulo":"Atendimento a \u00d3rg\u00e3os P\u00fablicos","conteudo":"","btn":"https:\/\/%s.empresafacil.ma.gov.br\/evento-exclusivo\/atendimento-oficio\/","parametros":"","method":"POST","mensagem_modal":"","acesso":["visivel_todos"]}]},"_links":{"self":[{"href":"https:\/\/deve-oito.empresafacil.ma.gov.br\/home\/wp-json\/wp\/v2\/pages\/2453","targetHints":{"allow":["GET"]}}],"collection":[{"href":"https:\/\/deve-oito.empresafacil.ma.gov.br\/home\/wp-json\/wp\/v2\/pages"}],"about":[{"href":"https:\/\/deve-oito.empresafacil.ma.gov.br\/home\/wp-json\/wp\/v2\/types\/page"}],"author":[{"embeddable":true,"href":"https:\/\/deve-oito.empresafacil.ma.gov.br\/home\/wp-json\/wp\/v2\/users\/1"}],"replies":[{"embeddable":true,"href":"https:\/\/deve-oito.empresafacil.ma.gov.br\/home\/wp-json\/wp\/v2\/comments?post=2453"}],"version-history":[{"count":2,"href":"https:\/\/deve-oito.empresafacil.ma.gov.br\/home\/wp-json\/wp\/v2\/pages\/2453\/revisions"}],"predecessor-version":[{"id":2483,"href":"https:\/\/deve-oito.empresafacil.ma.gov.br\/home\/wp-json\/wp\/v2\/pages\/2453\/revisions\/2483"}],"wp:attachment":[{"href":"https:\/\/deve-oito.empresafacil.ma.gov.br\/home\/wp-json\/wp\/v2\/media?parent=2453"}],"curies":[{"name":"wp","href":"https:\/\/api.w.org\/{rel}","templated":true}]}}