{"id":2455,"date":"2025-12-10T19:38:12","date_gmt":"2025-12-10T19:38:12","guid":{"rendered":"https:\/\/deve-oito.empresafacil.ma.gov.br\/home\/?page_id=2455"},"modified":"2026-02-13T17:26:03","modified_gmt":"2026-02-13T17:26:03","slug":"selecao-de-procuracao","status":"publish","type":"page","link":"https:\/\/deve-oito.empresafacil.ma.gov.br\/home\/selecao-de-procuracao\/","title":{"rendered":"Sele\u00e7\u00e3o de Procura\u00e7\u00e3o"},"content":{"rendered":"","protected":false},"excerpt":{"rendered":"","protected":false},"author":1,"featured_media":0,"parent":0,"menu_order":0,"comment_status":"closed","ping_status":"closed","template":"template-parts\/page-junta-comercial.php","meta":{"footnotes":""},"class_list":["post-2455","page","type-page","status-publish","hentry"],"acf":{"servicos":[{"titulo":"Procura\u00e7\u00e3o","conteudo":"","btn":"alteracao-procuracao","parametros":"","method":"POST","mensagem_modal":"","acesso":["visivel_todos"]},{"titulo":"Revoga\u00e7\u00e3o de Procura\u00e7\u00e3o","conteudo":"","btn":"revogacao-procuracao","parametros":"","method":"POST","mensagem_modal":"","acesso":["visivel_todos"]},{"titulo":"Procura\u00e7\u00e3o sem Altera\u00e7\u00e3o Cadastral","conteudo":"","btn":"https:\/\/%s.empresafacil.ma.gov.br\/evento-exclusivo\/coletar-dados-consumo\/900","parametros":"{'eventos-junta':'menu-procuracao','tp-evento':'ex','evento[]':'900'}\r\n","method":"GET","mensagem_modal":"","acesso":["visivel_todos"]},{"titulo":"Procura\u00e7\u00e3o P\u00fablica","conteudo":"","btn":"https:\/\/%s.empresafacil.ma.gov.br\/evento-exclusivo\/capa-processo\/","parametros":"{'eventos-junta':'menu-procuracao','tp-evento':'cpp','ato-siarco[]':'{020}','evento-siarco':'220','evento-redesim':'953'}","method":"GET","mensagem_modal":"","acesso":["visivel_deve"]}]},"_links":{"self":[{"href":"https:\/\/deve-oito.empresafacil.ma.gov.br\/home\/wp-json\/wp\/v2\/pages\/2455","targetHints":{"allow":["GET"]}}],"collection":[{"href":"https:\/\/deve-oito.empresafacil.ma.gov.br\/home\/wp-json\/wp\/v2\/pages"}],"about":[{"href":"https:\/\/deve-oito.empresafacil.ma.gov.br\/home\/wp-json\/wp\/v2\/types\/page"}],"author":[{"embeddable":true,"href":"https:\/\/deve-oito.empresafacil.ma.gov.br\/home\/wp-json\/wp\/v2\/users\/1"}],"replies":[{"embeddable":true,"href":"https:\/\/deve-oito.empresafacil.ma.gov.br\/home\/wp-json\/wp\/v2\/comments?post=2455"}],"version-history":[{"count":5,"href":"https:\/\/deve-oito.empresafacil.ma.gov.br\/home\/wp-json\/wp\/v2\/pages\/2455\/revisions"}],"predecessor-version":[{"id":2651,"href":"https:\/\/deve-oito.empresafacil.ma.gov.br\/home\/wp-json\/wp\/v2\/pages\/2455\/revisions\/2651"}],"wp:attachment":[{"href":"https:\/\/deve-oito.empresafacil.ma.gov.br\/home\/wp-json\/wp\/v2\/media?parent=2455"}],"curies":[{"name":"wp","href":"https:\/\/api.w.org\/{rel}","templated":true}]}}