{"id":2791,"date":"2026-04-02T14:24:02","date_gmt":"2026-04-02T14:24:02","guid":{"rendered":"https:\/\/deve-oito.empresafacil.ma.gov.br\/home\/?page_id=2791"},"modified":"2026-04-02T14:27:31","modified_gmt":"2026-04-02T14:27:31","slug":"pericia-de-incendio","status":"publish","type":"page","link":"https:\/\/deve-oito.empresafacil.ma.gov.br\/home\/pericia-de-incendio\/","title":{"rendered":"Per\u00edcia de inc\u00eandio"},"content":{"rendered":"","protected":false},"excerpt":{"rendered":"","protected":false},"author":1,"featured_media":0,"parent":0,"menu_order":0,"comment_status":"closed","ping_status":"closed","template":"template-parts\/page-junta-comercial.php","meta":{"footnotes":""},"class_list":["post-2791","page","type-page","status-publish","hentry"],"acf":{"servicos":[{"titulo":"Solicitar per\u00edcia de inc\u00eandio veicular","conteudo":"","btn":"https:\/\/%s.empresafacil.ma.gov.br\/workflow-service\/prepare\/primeiro-passo","parametros":"{\r\n'orgao':8746,\r\n'tipo_solicitacao':17,\r\n'evento':'1236',\r\n'is_fluxo_legado': false\r\n}","method":"POST_JSON","mensagem_modal":"","acesso":["visivel_todos"]},{"titulo":"Solicitar per\u00edcia de inc\u00eandio para edifica\u00e7\u00f5es","conteudo":"","btn":"https:\/\/%s.empresafacil.ma.gov.br\/workflow-service\/prepare\/primeiro-passo","parametros":"{'orgao':8746,'tipo_solicitacao':'17','evento':'1235','is_fluxo_legado':false}\r\n","method":"POST_JSON","mensagem_modal":"","acesso":["visivel_todos"]},{"titulo":"Solicitar per\u00edcia de inc\u00eandio florestal","conteudo":"","btn":"https:\/\/%s.empresafacil.ma.gov.br\/workflow-service\/prepare\/primeiro-passo","parametros":"{'orgao':8746,'tipo_solicitacao':'17','evento':'1237','is_fluxo_legado':false}\r\n","method":"POST_JSON","mensagem_modal":"","acesso":["visivel_todos"]}]},"_links":{"self":[{"href":"https:\/\/deve-oito.empresafacil.ma.gov.br\/home\/wp-json\/wp\/v2\/pages\/2791","targetHints":{"allow":["GET"]}}],"collection":[{"href":"https:\/\/deve-oito.empresafacil.ma.gov.br\/home\/wp-json\/wp\/v2\/pages"}],"about":[{"href":"https:\/\/deve-oito.empresafacil.ma.gov.br\/home\/wp-json\/wp\/v2\/types\/page"}],"author":[{"embeddable":true,"href":"https:\/\/deve-oito.empresafacil.ma.gov.br\/home\/wp-json\/wp\/v2\/users\/1"}],"replies":[{"embeddable":true,"href":"https:\/\/deve-oito.empresafacil.ma.gov.br\/home\/wp-json\/wp\/v2\/comments?post=2791"}],"version-history":[{"count":3,"href":"https:\/\/deve-oito.empresafacil.ma.gov.br\/home\/wp-json\/wp\/v2\/pages\/2791\/revisions"}],"predecessor-version":[{"id":2800,"href":"https:\/\/deve-oito.empresafacil.ma.gov.br\/home\/wp-json\/wp\/v2\/pages\/2791\/revisions\/2800"}],"wp:attachment":[{"href":"https:\/\/deve-oito.empresafacil.ma.gov.br\/home\/wp-json\/wp\/v2\/media?parent=2791"}],"curies":[{"name":"wp","href":"https:\/\/api.w.org\/{rel}","templated":true}]}}