{"id":2796,"date":"2026-04-02T14:25:45","date_gmt":"2026-04-02T14:25:45","guid":{"rendered":"https:\/\/deve-oito.empresafacil.ma.gov.br\/home\/?page_id=2796"},"modified":"2026-04-06T20:48:25","modified_gmt":"2026-04-06T20:48:25","slug":"solicitar-analise-de-projeto-para-evento-temporario","status":"publish","type":"page","link":"https:\/\/deve-oito.empresafacil.ma.gov.br\/home\/solicitar-analise-de-projeto-para-evento-temporario\/","title":{"rendered":"Solicitar an\u00e1lise de projeto para evento tempor\u00e1rio"},"content":{"rendered":"","protected":false},"excerpt":{"rendered":"","protected":false},"author":1,"featured_media":0,"parent":0,"menu_order":0,"comment_status":"closed","ping_status":"closed","template":"template-parts\/page-junta-comercial.php","meta":{"footnotes":""},"class_list":["post-2796","page","type-page","status-publish","hentry"],"acf":{"servicos":[{"titulo":"Solicitar an\u00e1lise de projeto para evento tempor\u00e1rio para empresa","conteudo":"","btn":"https:\/\/%s.empresafacil.ma.gov.br\/workflow-service\/prepare\/primeiro-passo","parametros":"{\r\n'orgao':8746,\r\n'tipo_solicitacao':17,\r\n'evento':'1218',\r\n'is_fluxo_legado': true\r\n}","method":"POST_JSON","mensagem_modal":"","acesso":["visivel_todos"]},{"titulo":"Solicitar an\u00e1lise de projeto para evento tempor\u00e1rio para pessoa f\u00edsica","conteudo":"","btn":"https:\/\/%s.empresafacil.ma.gov.br\/workflow-service\/prepare\/primeiro-passo","parametros":"{'orgao':'8746','tipo_solicitacao':'11','evento':'1218','is_fluxo_legado':true}\r\n","method":"POST_JSON","mensagem_modal":"","acesso":["visivel_todos"]}]},"_links":{"self":[{"href":"https:\/\/deve-oito.empresafacil.ma.gov.br\/home\/wp-json\/wp\/v2\/pages\/2796","targetHints":{"allow":["GET"]}}],"collection":[{"href":"https:\/\/deve-oito.empresafacil.ma.gov.br\/home\/wp-json\/wp\/v2\/pages"}],"about":[{"href":"https:\/\/deve-oito.empresafacil.ma.gov.br\/home\/wp-json\/wp\/v2\/types\/page"}],"author":[{"embeddable":true,"href":"https:\/\/deve-oito.empresafacil.ma.gov.br\/home\/wp-json\/wp\/v2\/users\/1"}],"replies":[{"embeddable":true,"href":"https:\/\/deve-oito.empresafacil.ma.gov.br\/home\/wp-json\/wp\/v2\/comments?post=2796"}],"version-history":[{"count":4,"href":"https:\/\/deve-oito.empresafacil.ma.gov.br\/home\/wp-json\/wp\/v2\/pages\/2796\/revisions"}],"predecessor-version":[{"id":2809,"href":"https:\/\/deve-oito.empresafacil.ma.gov.br\/home\/wp-json\/wp\/v2\/pages\/2796\/revisions\/2809"}],"wp:attachment":[{"href":"https:\/\/deve-oito.empresafacil.ma.gov.br\/home\/wp-json\/wp\/v2\/media?parent=2796"}],"curies":[{"name":"wp","href":"https:\/\/api.w.org\/{rel}","templated":true}]}}