{"id":2806,"date":"2026-04-02T14:30:48","date_gmt":"2026-04-02T14:30:48","guid":{"rendered":"https:\/\/deve-oito.empresafacil.ma.gov.br\/home\/?page_id=2806"},"modified":"2026-04-07T18:24:56","modified_gmt":"2026-04-07T18:24:56","slug":"solicitar-certificado-de-autorizacao-para-evento-temporario","status":"publish","type":"page","link":"https:\/\/deve-oito.empresafacil.ma.gov.br\/home\/solicitar-certificado-de-autorizacao-para-evento-temporario\/","title":{"rendered":"Solicitar certificado de autoriza\u00e7\u00e3o para evento tempor\u00e1rio"},"content":{"rendered":"","protected":false},"excerpt":{"rendered":"","protected":false},"author":1,"featured_media":0,"parent":0,"menu_order":0,"comment_status":"closed","ping_status":"closed","template":"template-parts\/page-junta-comercial.php","meta":{"footnotes":""},"class_list":["post-2806","page","type-page","status-publish","hentry"],"acf":{"servicos":[{"titulo":"Solicitar certificado de autoriza\u00e7\u00e3o para evento tempor\u00e1rio para empresa","conteudo":"","btn":"https:\/\/%s.empresafacil.ma.gov.br\/workflow-service\/prepare\/primeiro-passo","parametros":"{'orgao':'8746','tipo_solicitacao':'17','evento':'1239','is_fluxo_legado':true}\r\n","method":"POST_JSON","mensagem_modal":"","acesso":["visivel_todos"]},{"titulo":"Solicitar certificado de autoriza\u00e7\u00e3o para evento tempor\u00e1rio para pessoa f\u00edsica","conteudo":"","btn":"https:\/\/%s.empresafacil.ma.gov.br\/workflow-service\/prepare\/primeiro-passo","parametros":"{'orgao':'8746','tipo_solicitacao':'11','evento':'1239','is_fluxo_legado':true}\r\n","method":"POST_JSON","mensagem_modal":"","acesso":["visivel_todos"]}]},"_links":{"self":[{"href":"https:\/\/deve-oito.empresafacil.ma.gov.br\/home\/wp-json\/wp\/v2\/pages\/2806","targetHints":{"allow":["GET"]}}],"collection":[{"href":"https:\/\/deve-oito.empresafacil.ma.gov.br\/home\/wp-json\/wp\/v2\/pages"}],"about":[{"href":"https:\/\/deve-oito.empresafacil.ma.gov.br\/home\/wp-json\/wp\/v2\/types\/page"}],"author":[{"embeddable":true,"href":"https:\/\/deve-oito.empresafacil.ma.gov.br\/home\/wp-json\/wp\/v2\/users\/1"}],"replies":[{"embeddable":true,"href":"https:\/\/deve-oito.empresafacil.ma.gov.br\/home\/wp-json\/wp\/v2\/comments?post=2806"}],"version-history":[{"count":2,"href":"https:\/\/deve-oito.empresafacil.ma.gov.br\/home\/wp-json\/wp\/v2\/pages\/2806\/revisions"}],"predecessor-version":[{"id":2812,"href":"https:\/\/deve-oito.empresafacil.ma.gov.br\/home\/wp-json\/wp\/v2\/pages\/2806\/revisions\/2812"}],"wp:attachment":[{"href":"https:\/\/deve-oito.empresafacil.ma.gov.br\/home\/wp-json\/wp\/v2\/media?parent=2806"}],"curies":[{"name":"wp","href":"https:\/\/api.w.org\/{rel}","templated":true}]}}